{"id":11,"date":"2023-11-08T12:21:10","date_gmt":"2023-11-08T12:21:10","guid":{"rendered":"http:\/\/vrtljubezni.si\/?page_id=11"},"modified":"2023-11-21T15:40:32","modified_gmt":"2023-11-21T15:40:32","slug":"test","status":"publish","type":"page","link":"https:\/\/vrtljubezni.si\/","title":{"rendered":"Zemljevid"},"content":{"rendered":"<h2 style=\"text-align:center\">RODOVNA POSESTVA NA SLOVENSKEM<\/h2>\n<p><!-- imagelinks begin -->\n<div id=\"imgl-1-qwhu9\" class=\"imgl-map imgl-map-1 \"data-json-src=\"https:\/\/vrtljubezni.si\/wp-content\/uploads\/imagelinks\/1\/config.json?ver=1701372397\" data-item-id=\"1\" style=\"display:none;\" >\n<div class=\"imgl-store\">\n<div class=\"imgl-pin imgl-pin-1\" data-id=\"1\">\n<div class=\"imgl-pin-pulse\"><\/div>\n<div class=\"imgl-pin-data\">\n<\/div>\n<\/div>\n<div class=\"imgl-pin imgl-pin-2\" data-id=\"2\">\n<div class=\"imgl-pin-pulse\"><\/div>\n<div class=\"imgl-pin-data\">\n<\/div>\n<\/div>\n<div class=\"imgl-pin imgl-pin-3\" data-id=\"3\">\n<div class=\"imgl-pin-pulse\"><\/div>\n<div class=\"imgl-pin-data\">\n<\/div>\n<\/div>\n<div class=\"imgl-pin imgl-pin-4\" data-id=\"4\">\n<div class=\"imgl-pin-pulse\"><\/div>\n<div class=\"imgl-pin-data\">\n<\/div>\n<\/div>\n<div class=\"imgl-pin imgl-pin-5\" data-id=\"5\">\n<div class=\"imgl-pin-pulse\"><\/div>\n<div class=\"imgl-pin-data\">\n<\/div>\n<\/div>\n<div class=\"imgl-pin imgl-pin-6\" data-id=\"6\">\n<div class=\"imgl-pin-pulse\"><\/div>\n<div class=\"imgl-pin-data\">\n<\/div>\n<\/div>\n<div class=\"imgl-pin imgl-pin-7\" data-id=\"7\">\n<div class=\"imgl-pin-pulse\"><\/div>\n<div class=\"imgl-pin-data\">\n<\/div>\n<\/div>\n<div class=\"imgl-pin imgl-pin-8\" data-id=\"8\">\n<div class=\"imgl-pin-pulse\"><\/div>\n<div class=\"imgl-pin-data\">\n<\/div>\n<\/div>\n<div class=\"imgl-pin imgl-pin-9\" data-id=\"9\">\n<div class=\"imgl-pin-pulse\"><\/div>\n<div class=\"imgl-pin-data\">\n<\/div>\n<\/div>\n<div class=\"imgl-pin imgl-pin-10\" data-id=\"10\">\n<div class=\"imgl-pin-pulse\"><\/div>\n<div class=\"imgl-pin-data\">\n<\/div>\n<\/div>\n<div class=\"imgl-pin imgl-pin-11\" data-id=\"11\">\n<div class=\"imgl-pin-pulse\"><\/div>\n<div class=\"imgl-pin-data\">\n<\/div>\n<\/div>\n<div class=\"imgl-pin imgl-pin-12\" data-id=\"12\">\n<div class=\"imgl-pin-pulse\"><\/div>\n<div class=\"imgl-pin-data\">\n<\/div>\n<\/div>\n<div class=\"imgl-tt imgl-tt-1\" data-id=\"1\" >\n<img loading=\"lazy\" decoding=\"async\" src=\"https:\/\/vrtljubezni.si\/wp-content\/uploads\/2023\/11\/Jakcev-dol-300x225.jpg\" alt=\"\" width=\"300\" height=\"225\" class=\"alignnone size-medium wp-image-38\" srcset=\"https:\/\/vrtljubezni.si\/wp-content\/uploads\/2023\/11\/Jakcev-dol-300x225.jpg 300w, https:\/\/vrtljubezni.si\/wp-content\/uploads\/2023\/11\/Jakcev-dol-1024x768.jpg 1024w, https:\/\/vrtljubezni.si\/wp-content\/uploads\/2023\/11\/Jakcev-dol-768x576.jpg 768w, https:\/\/vrtljubezni.si\/wp-content\/uploads\/2023\/11\/Jakcev-dol-1536x1152.jpg 1536w, https:\/\/vrtljubezni.si\/wp-content\/uploads\/2023\/11\/Jakcev-dol-2048x1536.jpg 2048w\" sizes=\"auto, (max-width: 300px) 100vw, 300px\" \/><br>\nJAK\u010cEV DOL, Toma\u010devica pri \u0160tanjelu<\/div>\n<div class=\"imgl-tt imgl-tt-2\" data-id=\"2\" >\n<img loading=\"lazy\" decoding=\"async\" src=\"https:\/\/vrtljubezni.si\/wp-content\/uploads\/2023\/11\/Zemljica-300x225.jpg\" alt=\"\" width=\"300\" height=\"225\" class=\"alignnone size-medium wp-image-49\" srcset=\"https:\/\/vrtljubezni.si\/wp-content\/uploads\/2023\/11\/Zemljica-300x225.jpg 300w, https:\/\/vrtljubezni.si\/wp-content\/uploads\/2023\/11\/Zemljica-1024x768.jpg 1024w, https:\/\/vrtljubezni.si\/wp-content\/uploads\/2023\/11\/Zemljica-768x576.jpg 768w, https:\/\/vrtljubezni.si\/wp-content\/uploads\/2023\/11\/Zemljica-1536x1152.jpg 1536w, https:\/\/vrtljubezni.si\/wp-content\/uploads\/2023\/11\/Zemljica-2048x1536.jpg 2048w\" sizes=\"auto, (max-width: 300px) 100vw, 300px\" \/><br>\nNA\u0160A ZEMLJICA, Nadro\u017eica<\/div>\n<div class=\"imgl-tt imgl-tt-3\" data-id=\"3\" >\n<img loading=\"lazy\" decoding=\"async\" src=\"https:\/\/vrtljubezni.si\/wp-content\/uploads\/2023\/11\/Rodovno-posestvo-Nova-Zemlja-300x225.jpg\" alt=\"\" width=\"300\" height=\"225\" class=\"alignnone size-medium wp-image-45\" srcset=\"https:\/\/vrtljubezni.si\/wp-content\/uploads\/2023\/11\/Rodovno-posestvo-Nova-Zemlja-300x225.jpg 300w, https:\/\/vrtljubezni.si\/wp-content\/uploads\/2023\/11\/Rodovno-posestvo-Nova-Zemlja-1024x768.jpg 1024w, https:\/\/vrtljubezni.si\/wp-content\/uploads\/2023\/11\/Rodovno-posestvo-Nova-Zemlja-768x576.jpg 768w, https:\/\/vrtljubezni.si\/wp-content\/uploads\/2023\/11\/Rodovno-posestvo-Nova-Zemlja-1536x1152.jpg 1536w, https:\/\/vrtljubezni.si\/wp-content\/uploads\/2023\/11\/Rodovno-posestvo-Nova-Zemlja-2048x1536.jpg 2048w\" sizes=\"auto, (max-width: 300px) 100vw, 300px\" \/><br>\nNOVA ZEMLJA, \u0160entjernej\n<\/div>\n<div class=\"imgl-tt imgl-tt-4\" data-id=\"4\" >\n<img loading=\"lazy\" decoding=\"async\" src=\"https:\/\/vrtljubezni.si\/wp-content\/uploads\/2023\/11\/Pri-Toniju-in-Mojci-300x225.jpg\" alt=\"\" width=\"300\" height=\"225\" class=\"alignnone size-medium wp-image-40\" srcset=\"https:\/\/vrtljubezni.si\/wp-content\/uploads\/2023\/11\/Pri-Toniju-in-Mojci-300x225.jpg 300w, https:\/\/vrtljubezni.si\/wp-content\/uploads\/2023\/11\/Pri-Toniju-in-Mojci-1024x768.jpg 1024w, https:\/\/vrtljubezni.si\/wp-content\/uploads\/2023\/11\/Pri-Toniju-in-Mojci-768x576.jpg 768w, https:\/\/vrtljubezni.si\/wp-content\/uploads\/2023\/11\/Pri-Toniju-in-Mojci-1536x1152.jpg 1536w, https:\/\/vrtljubezni.si\/wp-content\/uploads\/2023\/11\/Pri-Toniju-in-Mojci-2048x1536.jpg 2048w\" sizes=\"auto, (max-width: 300px) 100vw, 300px\" \/><br>\nPRI MOJCI IN TONIJU, Kri\u017ean Vrh\n<\/div>\n<div class=\"imgl-tt imgl-tt-5\" data-id=\"5\" >\n<img loading=\"lazy\" decoding=\"async\" src=\"https:\/\/vrtljubezni.si\/wp-content\/uploads\/2023\/11\/Svetina-225x300.jpg\" alt=\"\" width=\"225\" height=\"300\" class=\"alignnone size-medium wp-image-54\" srcset=\"https:\/\/vrtljubezni.si\/wp-content\/uploads\/2023\/11\/Svetina-225x300.jpg 225w, https:\/\/vrtljubezni.si\/wp-content\/uploads\/2023\/11\/Svetina-768x1024.jpg 768w, https:\/\/vrtljubezni.si\/wp-content\/uploads\/2023\/11\/Svetina-1152x1536.jpg 1152w, https:\/\/vrtljubezni.si\/wp-content\/uploads\/2023\/11\/Svetina.jpg 1536w\" sizes=\"auto, (max-width: 225px) 100vw, 225px\" \/><br>\nSVETINA, Svetina nad \u0160torami<\/div>\n<div class=\"imgl-tt imgl-tt-6\" data-id=\"6\" >\n<img loading=\"lazy\" decoding=\"async\" src=\"https:\/\/vrtljubezni.si\/wp-content\/uploads\/2023\/11\/Rodovno-posestvo-Krizan-Lipnik-300x199.jpg\" alt=\"\" width=\"300\" height=\"199\" class=\"alignnone size-medium wp-image-42\" srcset=\"https:\/\/vrtljubezni.si\/wp-content\/uploads\/2023\/11\/Rodovno-posestvo-Krizan-Lipnik-300x199.jpg 300w, https:\/\/vrtljubezni.si\/wp-content\/uploads\/2023\/11\/Rodovno-posestvo-Krizan-Lipnik-1024x679.jpg 1024w, https:\/\/vrtljubezni.si\/wp-content\/uploads\/2023\/11\/Rodovno-posestvo-Krizan-Lipnik-768x509.jpg 768w, https:\/\/vrtljubezni.si\/wp-content\/uploads\/2023\/11\/Rodovno-posestvo-Krizan-Lipnik-1536x1018.jpg 1536w, https:\/\/vrtljubezni.si\/wp-content\/uploads\/2023\/11\/Rodovno-posestvo-Krizan-Lipnik-2048x1357.jpg 2048w\" sizes=\"auto, (max-width: 300px) 100vw, 300px\" \/><br>\nKRI\u017dAN LIPNIK, Pristava pri Mestinju<\/div>\n<div class=\"imgl-tt imgl-tt-7\" data-id=\"7\" >\n<img loading=\"lazy\" decoding=\"async\" src=\"https:\/\/vrtljubezni.si\/wp-content\/uploads\/2023\/11\/Rodovno-posestvo-Nasa-Hisa-300x225.jpg\" alt=\"\" width=\"300\" height=\"225\" class=\"alignnone size-medium wp-image-44\" srcset=\"https:\/\/vrtljubezni.si\/wp-content\/uploads\/2023\/11\/Rodovno-posestvo-Nasa-Hisa-300x225.jpg 300w, https:\/\/vrtljubezni.si\/wp-content\/uploads\/2023\/11\/Rodovno-posestvo-Nasa-Hisa-1024x768.jpg 1024w, https:\/\/vrtljubezni.si\/wp-content\/uploads\/2023\/11\/Rodovno-posestvo-Nasa-Hisa-768x576.jpg 768w, https:\/\/vrtljubezni.si\/wp-content\/uploads\/2023\/11\/Rodovno-posestvo-Nasa-Hisa-1536x1152.jpg 1536w, https:\/\/vrtljubezni.si\/wp-content\/uploads\/2023\/11\/Rodovno-posestvo-Nasa-Hisa-2048x1536.jpg 2048w\" sizes=\"auto, (max-width: 300px) 100vw, 300px\" \/><br>\nNA\u0160A HI\u0160A, La\u0161ko<\/div>\n<div class=\"imgl-tt imgl-tt-8\" data-id=\"8\" >\n<img loading=\"lazy\" decoding=\"async\" src=\"https:\/\/vrtljubezni.si\/wp-content\/uploads\/2023\/11\/Prostor-ob-gozdu-225x300.jpeg\" alt=\"\" width=\"225\" height=\"300\" class=\"alignnone size-medium wp-image-41\" srcset=\"https:\/\/vrtljubezni.si\/wp-content\/uploads\/2023\/11\/Prostor-ob-gozdu-225x300.jpeg 225w, https:\/\/vrtljubezni.si\/wp-content\/uploads\/2023\/11\/Prostor-ob-gozdu-768x1024.jpeg 768w, https:\/\/vrtljubezni.si\/wp-content\/uploads\/2023\/11\/Prostor-ob-gozdu-1152x1536.jpeg 1152w, https:\/\/vrtljubezni.si\/wp-content\/uploads\/2023\/11\/Prostor-ob-gozdu-rotated.jpeg 1512w\" sizes=\"auto, (max-width: 225px) 100vw, 225px\" \/><br>\nPROSTOR OB GOZDU, Ljube\u010dna pri Celju<\/div>\n<div class=\"imgl-tt imgl-tt-9\" data-id=\"9\" >\n<img loading=\"lazy\" decoding=\"async\" src=\"https:\/\/vrtljubezni.si\/wp-content\/uploads\/2023\/11\/Pod-Orehi-1-300x240.jpg\" alt=\"\" width=\"300\" height=\"240\" class=\"size-medium wp-image-39\" srcset=\"https:\/\/vrtljubezni.si\/wp-content\/uploads\/2023\/11\/Pod-Orehi-1-300x240.jpg 300w, https:\/\/vrtljubezni.si\/wp-content\/uploads\/2023\/11\/Pod-Orehi-1-1024x820.jpg 1024w, https:\/\/vrtljubezni.si\/wp-content\/uploads\/2023\/11\/Pod-Orehi-1-768x615.jpg 768w, https:\/\/vrtljubezni.si\/wp-content\/uploads\/2023\/11\/Pod-Orehi-1-1536x1231.jpg 1536w, https:\/\/vrtljubezni.si\/wp-content\/uploads\/2023\/11\/Pod-Orehi-1-2048x1641.jpg 2048w\" sizes=\"auto, (max-width: 300px) 100vw, 300px\" \/><br>\nPOD OREHI, Ponikva pri \u0160entjurju<\/div>\n<div class=\"imgl-tt imgl-tt-10\" data-id=\"10\" >\n<img loading=\"lazy\" decoding=\"async\" src=\"https:\/\/vrtljubezni.si\/wp-content\/uploads\/2023\/11\/Sofijino-duhovno-posestvo-300x225.jpg\" alt=\"\" width=\"300\" height=\"225\" class=\"alignnone size-medium wp-image-47\" srcset=\"https:\/\/vrtljubezni.si\/wp-content\/uploads\/2023\/11\/Sofijino-duhovno-posestvo-300x225.jpg 300w, https:\/\/vrtljubezni.si\/wp-content\/uploads\/2023\/11\/Sofijino-duhovno-posestvo-1024x768.jpg 1024w, https:\/\/vrtljubezni.si\/wp-content\/uploads\/2023\/11\/Sofijino-duhovno-posestvo-768x576.jpg 768w, https:\/\/vrtljubezni.si\/wp-content\/uploads\/2023\/11\/Sofijino-duhovno-posestvo-1536x1152.jpg 1536w, https:\/\/vrtljubezni.si\/wp-content\/uploads\/2023\/11\/Sofijino-duhovno-posestvo-2048x1536.jpg 2048w\" sizes=\"auto, (max-width: 300px) 100vw, 300px\" \/><br>\nSOFIJINO DUHOVNO POSESTVO, \u010cre\u0161njevec<\/div>\n<div class=\"imgl-tt imgl-tt-11\" data-id=\"11\" >\n<img loading=\"lazy\" decoding=\"async\" src=\"https:\/\/vrtljubezni.si\/wp-content\/uploads\/2023\/11\/Zarja-I-300x200.jpg\" alt=\"\" width=\"300\" height=\"200\" class=\"alignnone size-medium wp-image-48\" srcset=\"https:\/\/vrtljubezni.si\/wp-content\/uploads\/2023\/11\/Zarja-I-300x200.jpg 300w, https:\/\/vrtljubezni.si\/wp-content\/uploads\/2023\/11\/Zarja-I-1024x681.jpg 1024w, https:\/\/vrtljubezni.si\/wp-content\/uploads\/2023\/11\/Zarja-I-768x511.jpg 768w, https:\/\/vrtljubezni.si\/wp-content\/uploads\/2023\/11\/Zarja-I-1536x1022.jpg 1536w, https:\/\/vrtljubezni.si\/wp-content\/uploads\/2023\/11\/Zarja-I-2048x1363.jpg 2048w\" sizes=\"auto, (max-width: 300px) 100vw, 300px\" \/><br>\nZARJA, Voli\u010dina<\/div>\n<div class=\"imgl-tt imgl-tt-12\" data-id=\"12\" >\n<img loading=\"lazy\" decoding=\"async\" src=\"https:\/\/vrtljubezni.si\/wp-content\/uploads\/2023\/11\/Rodovno-posestvo-Mir-225x300.jpg\" alt=\"\" width=\"225\" height=\"300\" class=\"alignnone size-medium wp-image-43\" srcset=\"https:\/\/vrtljubezni.si\/wp-content\/uploads\/2023\/11\/Rodovno-posestvo-Mir-225x300.jpg 225w, https:\/\/vrtljubezni.si\/wp-content\/uploads\/2023\/11\/Rodovno-posestvo-Mir-768x1024.jpg 768w, https:\/\/vrtljubezni.si\/wp-content\/uploads\/2023\/11\/Rodovno-posestvo-Mir-1152x1536.jpg 1152w, https:\/\/vrtljubezni.si\/wp-content\/uploads\/2023\/11\/Rodovno-posestvo-Mir-1536x2048.jpg 1536w, https:\/\/vrtljubezni.si\/wp-content\/uploads\/2023\/11\/Rodovno-posestvo-Mir-scaled.jpg 1920w\" sizes=\"auto, (max-width: 225px) 100vw, 225px\" \/><br>\nMIR, Dragu\u010dova<\/div>\n<\/div>\n<\/div>\n<!-- imagelinks end -->\n<br \/>\n<img loading=\"lazy\" decoding=\"async\" src=\"https:\/\/vrtljubezni.si\/wp-content\/uploads\/2023\/11\/rodovno_posestvo_legenda-300x279.png\" alt=\"\" width=\"300\" height=\"279\" class=\"alignnone size-medium wp-image-167 legenda\" srcset=\"https:\/\/vrtljubezni.si\/wp-content\/uploads\/2023\/11\/rodovno_posestvo_legenda-300x279.png 300w, https:\/\/vrtljubezni.si\/wp-content\/uploads\/2023\/11\/rodovno_posestvo_legenda.png 526w\" sizes=\"auto, (max-width: 300px) 100vw, 300px\" \/><\/p>\n","protected":false},"excerpt":{"rendered":"<p>RODOVNA POSESTVA NA SLOVENSKEM<\/p>\n","protected":false},"author":1,"featured_media":0,"parent":0,"menu_order":0,"comment_status":"closed","ping_status":"closed","template":"blank","meta":{"footnotes":""},"class_list":["post-11","page","type-page","status-publish","hentry"],"_links":{"self":[{"href":"https:\/\/vrtljubezni.si\/index.php?rest_route=\/wp\/v2\/pages\/11","targetHints":{"allow":["GET"]}}],"collection":[{"href":"https:\/\/vrtljubezni.si\/index.php?rest_route=\/wp\/v2\/pages"}],"about":[{"href":"https:\/\/vrtljubezni.si\/index.php?rest_route=\/wp\/v2\/types\/page"}],"author":[{"embeddable":true,"href":"https:\/\/vrtljubezni.si\/index.php?rest_route=\/wp\/v2\/users\/1"}],"replies":[{"embeddable":true,"href":"https:\/\/vrtljubezni.si\/index.php?rest_route=%2Fwp%2Fv2%2Fcomments&post=11"}],"version-history":[{"count":10,"href":"https:\/\/vrtljubezni.si\/index.php?rest_route=\/wp\/v2\/pages\/11\/revisions"}],"predecessor-version":[{"id":169,"href":"https:\/\/vrtljubezni.si\/index.php?rest_route=\/wp\/v2\/pages\/11\/revisions\/169"}],"wp:attachment":[{"href":"https:\/\/vrtljubezni.si\/index.php?rest_route=%2Fwp%2Fv2%2Fmedia&parent=11"}],"curies":[{"name":"wp","href":"https:\/\/api.w.org\/{rel}","templated":true}]}}